{"id":42,"date":"2021-03-24T12:32:38","date_gmt":"2021-03-24T12:32:38","guid":{"rendered":"https:\/\/www.adan.av.tr\/?page_id=42"},"modified":"2022-09-26T12:54:35","modified_gmt":"2022-09-26T12:54:35","slug":"hakkimizda","status":"publish","type":"page","link":"https:\/\/www.fidan.av.tr\/en\/hakkimizda\/","title":{"rendered":"About Us"},"content":{"rendered":"<p>[et_pb_section fb_built=&#8221;1&#8243; fullwidth=&#8221;on&#8221; next_background_color=&#8221;#f5f5f5&#8243; _builder_version=&#8221;4.18.0&#8243; _module_preset=&#8221;default&#8221; bottom_divider_style=&#8221;ramp2&#8243; bottom_divider_height=&#8221;50px&#8221; bottom_divider_flip=&#8221;horizontal&#8221; global_colors_info=&#8221;{}&#8221;][et_pb_fullwidth_header title=&#8221;EK\u0130B\u0130M\u0130Z&#8221; text_orientation=&#8221;center&#8221; _builder_version=&#8221;4.18.0&#8243; _module_preset=&#8221;default&#8221; title_font=&#8221;|800|||||||&#8221; title_font_size=&#8221;50px&#8221; title_letter_spacing=&#8221;4px&#8221; background_color=&#8221;RGBA(255,255,255,0)&#8221; use_background_color_gradient=&#8221;on&#8221; background_color_gradient_stops=&#8221;rgba(177,151,107,0.75) 0%|rgba(144,151,170,0.6) 100%&#8221; background_color_gradient_overlays_image=&#8221;on&#8221; background_image=&#8221;https:\/\/www.fidan.av.tr\/wp-content\/uploads\/2022\/09\/0bannerteam.jpg&#8221; hover_enabled=&#8221;0&#8243; title_text_shadow_style=&#8221;preset2&#8243; global_colors_info=&#8221;{}&#8221; title_text=&#8221;Group of people working out business plan in an office&#8221; sticky_enabled=&#8221;0&#8243; background_last_edited=&#8221;on|phone&#8221; background_position_phone=&#8221;top_left&#8221;][\/et_pb_fullwidth_header][\/et_pb_section][et_pb_section fb_built=&#8221;1&#8243; _builder_version=&#8221;4.18.0&#8243; _module_preset=&#8221;default&#8221; background_color=&#8221;#f5f5f5&#8243; global_colors_info=&#8221;{}&#8221;][et_pb_row column_structure=&#8221;1_2,1_2&#8243; _builder_version=&#8221;4.18.0&#8243; _module_preset=&#8221;default&#8221; global_colors_info=&#8221;{}&#8221;][et_pb_column type=&#8221;1_2&#8243; _builder_version=&#8221;4.18.0&#8243; _module_preset=&#8221;default&#8221; background_color=&#8221;#FFFFFF&#8221; custom_padding=&#8221;20px|20px|20px|20px|true|true&#8221; border_radii=&#8221;on|10px|10px|10px|10px&#8221; box_shadow_style=&#8221;preset3&#8243; box_shadow_vertical=&#8221;8px&#8221; box_shadow_blur=&#8221;12px&#8221; global_colors_info=&#8221;{}&#8221;][et_pb_text _builder_version=&#8221;4.18.0&#8243; _module_preset=&#8221;default&#8221; text_font_size=&#8221;15px&#8221; global_colors_info=&#8221;{}&#8221;]<\/p>\n<h1 style=\"text-align: center;\"><strong>Sefa F\u0130DAN<\/strong><\/h1>\n<h4 style=\"text-align: center;\"><strong>Kurucu Avukat &#8211; Arabulucu Avukat<\/strong><\/h4>\n<p style=\"text-align: justify;\">\u0130stanbul do\u011fumlu kurucu avukat\u0131m\u0131z, Ankara \u00dcniversitesi Hukuk Fak\u00fcltesi\u2019nden mezun olmu\u015ftur. Sigorta hukuku, marka ve patent hukuku, sivil havac\u0131l\u0131k hukuku, arabuluculuk ve uyu\u015fmazl\u0131klar\u0131n \u00e7\u00f6z\u00fcm\u00fc, \u015firketler hukuku, konkordato \u00fczerine bir\u00e7ok sertifika program\u0131na kat\u0131lm\u0131\u015ft\u0131r.<\/p>\n<blockquote>\n<p style=\"text-align: justify;\">Sigorta hukuku, kamu ihale hukuku, bankac\u0131l\u0131k hukuku, s\u00f6zle\u015fmeler, \u015firketler ve ticaret hukuku, icra ve iflas hukuku, konkordato ve fikri ve s\u0131nai m\u00fclkiyet hukuku alanlar\u0131nda yetkindir. Ayn\u0131 zamanda arabulucu ve marka vekili olan Av. Sefa Fidan, halen Ticaret Hukukunda y\u00fcksek lisans\u0131na Gazi \u00dcniversitesi Hukuk Fak\u00fcltesi\u2019nde devam ettirmekte olup iyi derecede \u0130ngilizce bilmektedir.<\/p>\n<\/blockquote>\n<p>[\/et_pb_text][\/et_pb_column][et_pb_column type=&#8221;1_2&#8243; _builder_version=&#8221;4.18.0&#8243; _module_preset=&#8221;default&#8221; background_color=&#8221;#FFFFFF&#8221; custom_padding=&#8221;20px|20px|20px|20px|true|true&#8221; border_radii=&#8221;on|10px|10px|10px|10px&#8221; box_shadow_style=&#8221;preset3&#8243; box_shadow_vertical=&#8221;8px&#8221; box_shadow_blur=&#8221;12px&#8221; global_colors_info=&#8221;{}&#8221;][et_pb_text _builder_version=&#8221;4.18.0&#8243; _module_preset=&#8221;default&#8221; text_font_size=&#8221;15px&#8221; global_colors_info=&#8221;{}&#8221;]<\/p>\n<h1 style=\"text-align: center;\"><strong>Hatice F\u0130DAN<\/strong><\/h1>\n<h4 style=\"text-align: center;\"><strong>Avukat<\/strong><\/h4>\n<p style=\"text-align: justify;\">Avukat Hatice F\u0130DAN, Ankara \u00dcniversitesi Hukuk Fak\u00fcltesi\u2019nden mezun olmu\u015ftur. Erzurumlu olan avukat\u0131m\u0131z Aile hukuku, kamu ihale hukuku, sigorta hukuku ve tahkim uyu\u015fmazl\u0131klar\u0131 sa\u011fl\u0131k hukuku \u00fczerine bir\u00e7ok sertifika program\u0131na kat\u0131lm\u0131\u015ft\u0131r.<\/p>\n<blockquote>\n<p style=\"text-align: justify;\">\u0130dare hukuku, ihaleler ve gayrimenkul hukuku, aile hukuku, sigorta hukuku, bankac\u0131l\u0131k hukuku, s\u00f6zle\u015fmeler, sa\u011fl\u0131k hukuku, alanlar\u0131nda yetkindir. \u0130yi derecede \u0130ngilizce bilmektedir.<\/p>\n<\/blockquote>\n<p>[\/et_pb_text][\/et_pb_column][\/et_pb_row][et_pb_row column_structure=&#8221;1_2,1_2&#8243; _builder_version=&#8221;4.18.0&#8243; _module_preset=&#8221;default&#8221; global_colors_info=&#8221;{}&#8221;][et_pb_column type=&#8221;1_2&#8243; _builder_version=&#8221;4.18.0&#8243; _module_preset=&#8221;default&#8221; background_color=&#8221;#FFFFFF&#8221; custom_padding=&#8221;20px|20px|20px|20px|true|true&#8221; border_radii=&#8221;on|10px|10px|10px|10px&#8221; box_shadow_style=&#8221;preset3&#8243; box_shadow_vertical=&#8221;8px&#8221; box_shadow_blur=&#8221;12px&#8221; global_colors_info=&#8221;{}&#8221;][et_pb_text _builder_version=&#8221;4.18.0&#8243; _module_preset=&#8221;default&#8221; text_font_size=&#8221;15px&#8221; global_colors_info=&#8221;{}&#8221;]<\/p>\n<h1 style=\"text-align: center;\"><strong>Neslihan \u00d6ZBEK<\/strong><\/h1>\n<h4 style=\"text-align: center;\"><strong>Avukat<\/strong><\/h4>\n<p style=\"text-align: justify;\">Avukat Neslihan \u00d6ZBEK, Mersinli olup Dicle \u00dcniversitesi Hukuk Fak\u00fcltesi\u2019nden mezun olmu\u015ftur. Akt\u00fceryal hesap e\u011fitimi, tazminat davalar\u0131 kusur bilirki\u015fili\u011fi e\u011fitimi, sigorta hukuku, yabanc\u0131lar ve m\u00fclteci hukuku, gayrimenkul hukuku \u00fczerine bir\u00e7ok sertifika program\u0131na kat\u0131lm\u0131\u015ft\u0131r.<\/p>\n<blockquote>\n<p style=\"text-align: justify;\">Ceza hukuku, yabanc\u0131lar ve vatanda\u015fl\u0131k hukuku, in\u015faat hukuku, i\u015f ve sosyal g\u00fcvenlik hukuku, sigorta hukuku, bankac\u0131l\u0131k hukuku, s\u00f6zle\u015fmeler, hukuku alanlar\u0131nda yetkindir. \u0130yi derece \u0130ngilizce bilmektedir.<\/p>\n<\/blockquote>\n<p>[\/et_pb_text][\/et_pb_column][et_pb_column type=&#8221;1_2&#8243; _builder_version=&#8221;4.18.0&#8243; _module_preset=&#8221;default&#8221; background_color=&#8221;#FFFFFF&#8221; custom_padding=&#8221;20px|20px|20px|20px|true|true&#8221; border_radii=&#8221;on|10px|10px|10px|10px&#8221; box_shadow_style=&#8221;preset3&#8243; box_shadow_vertical=&#8221;8px&#8221; box_shadow_blur=&#8221;12px&#8221; global_colors_info=&#8221;{}&#8221;][et_pb_text _builder_version=&#8221;4.18.0&#8243; _module_preset=&#8221;default&#8221; text_font_size=&#8221;15px&#8221; global_colors_info=&#8221;{}&#8221;]<\/p>\n<h1 style=\"text-align: center;\"><strong>Hacer DURDU<\/strong><\/h1>\n<h4 style=\"text-align: center;\"><strong>Avukat<\/strong><\/h4>\n<p style=\"text-align: justify;\">Avukat Hacer DURDU, Samsun\u2019da do\u011fmu\u015ftur. Ankara \u00dcniversitesi Hukuk Fak\u00fcltesi\u2019nden mezun olan avukat\u0131m\u0131z, Kentsel d\u00f6n\u00fc\u015f\u00fcm uygulamalar\u0131, Avrupa Birli\u011fi uyum s\u00fcreci, yapay zek\u00e2 hukuku, teknoloji dinamizmi, banka ve sigortac\u0131l\u0131k uygulamalar \u00fczerine bir\u00e7ok sertifika program\u0131na kat\u0131lm\u0131\u015ft\u0131r.<\/p>\n<blockquote>\n<p style=\"text-align: justify;\">\u0130\u015f ve sosyal g\u00fcvenlik hukuku, aile hukuku, s\u00f6zle\u015fmeler, vergi hukuku, icra ve iflas hukuku, gayrimenkul hukuku, sigorta hukuku, bankac\u0131l\u0131k hukuku alanlar\u0131nda yetkindir. \u0130yi derece \u0130ngilizce bilmektedir.<\/p>\n<\/blockquote>\n<p>[\/et_pb_text][\/et_pb_column][\/et_pb_row][\/et_pb_section]<\/p>\n","protected":false},"excerpt":{"rendered":"<p>Sefa F\u0130DAN Kurucu Avukat &#8211; Arabulucu Avukat \u0130stanbul do\u011fumlu kurucu avukat\u0131m\u0131z, Ankara \u00dcniversitesi Hukuk Fak\u00fcltesi\u2019nden mezun olmu\u015ftur. Sigorta hukuku, marka ve patent hukuku, sivil havac\u0131l\u0131k hukuku, arabuluculuk ve uyu\u015fmazl\u0131klar\u0131n \u00e7\u00f6z\u00fcm\u00fc, \u015firketler hukuku, konkordato \u00fczerine bir\u00e7ok sertifika program\u0131na kat\u0131lm\u0131\u015ft\u0131r. Sigorta hukuku, kamu ihale hukuku, bankac\u0131l\u0131k hukuku, s\u00f6zle\u015fmeler, \u015firketler ve ticaret hukuku, icra ve iflas hukuku, konkordato [&hellip;]<\/p>\n","protected":false},"author":1,"featured_media":0,"parent":0,"menu_order":0,"comment_status":"closed","ping_status":"closed","template":"","meta":{"_et_pb_use_builder":"on","_et_pb_old_content":"<!-- wp:divi\/placeholder \/-->","_et_gb_content_width":"","footnotes":""},"class_list":["post-42","page","type-page","status-publish","hentry"],"jetpack_sharing_enabled":true,"_links":{"self":[{"href":"https:\/\/www.fidan.av.tr\/en\/wp-json\/wp\/v2\/pages\/42","targetHints":{"allow":["GET"]}}],"collection":[{"href":"https:\/\/www.fidan.av.tr\/en\/wp-json\/wp\/v2\/pages"}],"about":[{"href":"https:\/\/www.fidan.av.tr\/en\/wp-json\/wp\/v2\/types\/page"}],"author":[{"embeddable":true,"href":"https:\/\/www.fidan.av.tr\/en\/wp-json\/wp\/v2\/users\/1"}],"replies":[{"embeddable":true,"href":"https:\/\/www.fidan.av.tr\/en\/wp-json\/wp\/v2\/comments?post=42"}],"version-history":[{"count":8,"href":"https:\/\/www.fidan.av.tr\/en\/wp-json\/wp\/v2\/pages\/42\/revisions"}],"predecessor-version":[{"id":217,"href":"https:\/\/www.fidan.av.tr\/en\/wp-json\/wp\/v2\/pages\/42\/revisions\/217"}],"wp:attachment":[{"href":"https:\/\/www.fidan.av.tr\/en\/wp-json\/wp\/v2\/media?parent=42"}],"curies":[{"name":"wp","href":"https:\/\/api.w.org\/{rel}","templated":true}]}}