{"id":46,"date":"2021-03-24T12:33:16","date_gmt":"2021-03-24T12:33:16","guid":{"rendered":"https:\/\/www.adan.av.tr\/?page_id=46"},"modified":"2022-09-26T12:49:08","modified_gmt":"2022-09-26T12:49:08","slug":"yasal-uyari","status":"publish","type":"page","link":"https:\/\/www.fidan.av.tr\/en\/yasal-uyari\/","title":{"rendered":"Disclaimer"},"content":{"rendered":"<p>[et_pb_section fb_built=&#8221;1&#8243; fullwidth=&#8221;on&#8221; next_background_color=&#8221;#f5f5f5&#8243; _builder_version=&#8221;4.18.0&#8243; _module_preset=&#8221;default&#8221; bottom_divider_style=&#8221;ramp2&#8243; bottom_divider_height=&#8221;50px&#8221; bottom_divider_flip=&#8221;horizontal&#8221; global_colors_info=&#8221;{}&#8221;][et_pb_fullwidth_header title=&#8221;YASAL UYARI&#8221; text_orientation=&#8221;center&#8221; _builder_version=&#8221;4.18.0&#8243; _module_preset=&#8221;default&#8221; title_font=&#8221;|800|||||||&#8221; title_font_size=&#8221;50px&#8221; title_letter_spacing=&#8221;4px&#8221; background_color=&#8221;RGBA(255,255,255,0)&#8221; use_background_color_gradient=&#8221;on&#8221; background_color_gradient_stops=&#8221;rgba(177,151,107,0.75) 0%|rgba(144,151,170,0.6) 100%&#8221; background_color_gradient_overlays_image=&#8221;on&#8221; background_image=&#8221;https:\/\/www.fidan.av.tr\/wp-content\/uploads\/2022\/09\/0bannerlaw.jpg&#8221; hover_enabled=&#8221;0&#8243; title_text_shadow_style=&#8221;preset2&#8243; global_colors_info=&#8221;{}&#8221; sticky_enabled=&#8221;0&#8243; title_text=&#8221;Group of people working out business plan in an office&#8221; background_last_edited=&#8221;on|phone&#8221; background_position_phone=&#8221;top_left&#8221;][\/et_pb_fullwidth_header][\/et_pb_section][et_pb_section fb_built=&#8221;1&#8243; _builder_version=&#8221;4.18.0&#8243; _module_preset=&#8221;default&#8221; background_color=&#8221;#f5f5f5&#8243; global_colors_info=&#8221;{}&#8221;][et_pb_row column_structure=&#8221;3_5,2_5&#8243; _builder_version=&#8221;4.18.0&#8243; _module_preset=&#8221;default&#8221; global_colors_info=&#8221;{}&#8221;][et_pb_column type=&#8221;3_5&#8243; _builder_version=&#8221;4.18.0&#8243; _module_preset=&#8221;default&#8221; background_color=&#8221;#FFFFFF&#8221; custom_padding=&#8221;20px|20px|20px|20px|true|true&#8221; border_radii=&#8221;on|10px|10px|10px|10px&#8221; box_shadow_style=&#8221;preset3&#8243; box_shadow_vertical=&#8221;8px&#8221; box_shadow_blur=&#8221;12px&#8221; global_colors_info=&#8221;{}&#8221;][et_pb_text _builder_version=&#8221;4.18.0&#8243; _module_preset=&#8221;default&#8221; text_font_size=&#8221;15px&#8221; global_colors_info=&#8221;{}&#8221;]<\/p>\n<h1 style=\"text-align: justify;\"><strong>Dikkat!<\/strong><\/h1>\n<p style=\"text-align: justify;\">Bu site T\u00fcrkiye Barolar Birli\u011fi\u2019nin Meslek Kurallar\u0131na ve Reklam Yasa\u011f\u0131 Kurallar\u0131na tabidir. Sitenin kendisi, logosu ve i\u00e7eri\u011fi, reklam i\u015f geli\u015ftirme ve benzeri ama\u00e7lar ile kullan\u0131lamaz. Bu web sitesine link yaratmak yasakt\u0131r. Web sitemizde yer alan bilgiler hukuki m\u00fctalaa veya tavsiye de\u011fildir. B\u00fcromuz bu sitede yer alan bilgilere, metinlere ve yay\u0131nlara dayan\u0131lmas\u0131ndan dolay\u0131 sorumluluk kabul etmez.<\/p>\n<blockquote>\n<p style=\"text-align: justify;\">Web sitemiz ve sitede yer alan bilgiler, hukuki m\u00fctalaa verilmesi ya da avukatl\u0131k ili\u015fkisi kurulmas\u0131 i\u00e7in bir davet veya \u00f6neri de\u011fildir. \u00c7al\u0131\u015fma \u015fartlar\u0131m\u0131z hakk\u0131nda mutabakat sa\u011flanarak i\u015fin kabul edildi\u011fi taraf\u0131m\u0131zdan a\u00e7\u0131k\u00e7a beyan edilmedi\u011fi s\u00fcrece bu site vas\u0131tas\u0131yla B\u00fcromuzla irtibat kurulmas\u0131, hukuki hizmet talep edilmesi veya hukuki i\u015flem talimat\u0131 verilmesi B\u00fcromuz ile avukat \u2013 m\u00fcvekkil ili\u015fkisi kurmaz. B\u00fcromuzun herhangi bir i\u015fi kabul etmesi i\u00e7in \u00f6ncelikle mevcut m\u00fcvekkillerimiz ve i\u015flerimiz ile ilgili olarak herhangi bir menfaat \u00e7eli\u015fkisi olmamas\u0131 \u015fartt\u0131r.<\/p>\n<\/blockquote>\n<p style=\"text-align: justify;\">Sitemizde yer alan ve sitenin tasar\u0131m\u0131nda kullan\u0131lan metinler ile site i\u00e7eri\u011finin t\u00fcm telif ve yararlanma haklar\u0131 b\u00fcromuza aittir. \u0130zin verildi\u011fi \u00f6l\u00e7\u00fcde suretleri bu siteden edinilebilir. \u0130zinsiz olarak tamamen veya k\u0131smen iktibas edilemez, \u00e7o\u011falt\u0131lamaz ve ba\u015fka bir yerde yay\u0131nlanamaz ve da\u011f\u0131t\u0131lamaz. \u0130lave bilgi istekleriniz, \u015fikayet ve \u00f6nerileriniz i\u00e7in B\u00fcromuz Kurucusu\u00a0Av. Sefa F\u0130DAN\u2019a (Ankara Barosu Sicil No: 25064)\u00a0ba\u015fvurabilirsiniz.<\/p>\n<p>[\/et_pb_text][\/et_pb_column][et_pb_column type=&#8221;2_5&#8243; _builder_version=&#8221;4.18.0&#8243; _module_preset=&#8221;default&#8221; global_colors_info=&#8221;{}&#8221;][et_pb_image src=&#8221;https:\/\/www.fidan.av.tr\/wp-content\/uploads\/2022\/08\/r_1583503044_kutuphane-los.jpg&#8221; title_text=&#8221;r_1583503044_kutuphane-los&#8221; align=&#8221;center&#8221; _builder_version=&#8221;4.18.0&#8243; _module_preset=&#8221;default&#8221; border_radii=&#8221;on|30px|30px|30px|30px&#8221; box_shadow_style=&#8221;preset3&#8243; box_shadow_vertical=&#8221;8px&#8221; box_shadow_blur=&#8221;12px&#8221; global_colors_info=&#8221;{}&#8221;][\/et_pb_image][\/et_pb_column][\/et_pb_row][et_pb_row _builder_version=&#8221;4.18.0&#8243; _module_preset=&#8221;default&#8221; global_colors_info=&#8221;{}&#8221;][et_pb_column type=&#8221;4_4&#8243; _builder_version=&#8221;4.18.0&#8243; _module_preset=&#8221;default&#8221; background_color=&#8221;#FFFFFF&#8221; custom_padding=&#8221;20px|20px|20px|20px|true|true&#8221; border_radii=&#8221;on|10px|10px|10px|10px&#8221; box_shadow_style=&#8221;preset3&#8243; box_shadow_vertical=&#8221;8px&#8221; box_shadow_blur=&#8221;12px&#8221; global_colors_info=&#8221;{}&#8221;][et_pb_text _builder_version=&#8221;4.18.0&#8243; _module_preset=&#8221;default&#8221; text_font_size=&#8221;15px&#8221; global_colors_info=&#8221;{}&#8221;]<\/p>\n<h2 style=\"text-align: center;\"><strong>Fidan Hukuk B\u00fcrosu \u00c7erez \u201cCookie\u201d Politikas\u0131 Ayd\u0131nlatma Beyan\u0131<\/strong><\/h2>\n<p style=\"text-align: justify;\">Bu \u00c7erez Politikas\u0131 (\u201c<strong>Politika<\/strong>\u201d)<span> <\/span><strong>Av. Sefa F\u0130DAN<\/strong><span>\u00a0<\/span>taraf\u0131ndan y\u00f6netilen web siteleri i\u00e7in ge\u00e7erli olup sitemizi ziyaretiniz s\u0131ras\u0131nda \u00e7erezler i\u015f bu Politikada a\u00e7\u0131klanan \u015fekilde kullan\u0131lacakt\u0131r.<\/p>\n<p style=\"text-align: justify;\">Ki\u015fisel Verileriniz, gizlili\u011finiz bizim i\u00e7in \u00f6nemlidir, gizlilik ve g\u00fcvenlik haklar\u0131n\u0131z temel prensibimizdir.<\/p>\n<p style=\"text-align: justify;\">Web Sitemiz ziyaret\u00e7ilerinin, M\u00fc\u015fterilerimizin k\u0131saca ilgili ki\u015filerin ki\u015fisel bilgilerinin gizlili\u011fini korumak amac\u0131yla \u015eirketimiz sistem ve internet altyap\u0131s\u0131 en g\u00fcvenilir seviyede tutularak gerekli \u00f6nlemler al\u0131nm\u0131\u015ft\u0131r.<\/p>\n<p style=\"text-align: justify;\">Web sitemize ki\u015fisel herhangi bir bilgi vermeden ziyaret edebilir, \u00fcr\u00fcnlerimiz ve servislerimiz hakk\u0131nda bilgi alarak ihtiya\u00e7lar\u0131n\u0131z\u0131 kar\u015f\u0131layabilirsiniz. Ziyaretlerde site kullan\u0131m\u0131na ili\u015fkin bilgi toplamak i\u00e7in \u00e7erez kullan\u0131lmaktad\u0131r. Buradaki amac\u0131m\u0131z; web sitemizi ziyaret eden kullan\u0131c\u0131ya kolayl\u0131k sa\u011flamak ve i\u015fleyi\u015fi daha iyiye nas\u0131l ta\u015f\u0131yabilece\u011fimizi anlamakt\u0131r.<\/p>\n<p style=\"text-align: justify;\">\u00c7erez, bir web sitesini ziyaret etti\u011finizde bilgisayar\u0131n\u0131za g\u00f6nderilen ve bir dizi karakter i\u00e7eren k\u00fc\u00e7\u00fck bir dosyad\u0131r. \u00c7erezler bir web sitesinin daha kullan\u0131c\u0131 dostu deneyim sunmas\u0131n\u0131 ama\u00e7lar. Ki\u015fisel ihtiya\u00e7lar\u0131n\u0131za daha uygun ve h\u0131zl\u0131 bir ziyaret deneyimi ya\u015fatmak i\u00e7in ki\u015fiselle\u015ftirilmi\u015f web sayfalar\u0131 sunulabilmesine olanak vermektedir. \u00c7erezler bilgisayar\u0131n\u0131zda, mobil cihaz\u0131n\u0131zda veya dosyalar\u0131n\u0131zda depolanan ki\u015fisel verileriniz\u00a0de dahil\u00a0herhangi bir bilgi toplayamamaktad\u0131r.<\/p>\n<p style=\"text-align: justify;\">Ge\u00e7erlilik zamanlar\u0131na g\u00f6re Kal\u0131c\u0131 \u00c7erez ve Ge\u00e7ici \u00c7erez olarak iki \u00e7erez tipi bulunmaktad\u0131r. Ge\u00e7ici \u00e7erezler internet sitesini ziyaret etti\u011finiz esnada olu\u015fturulur ve sadece taray\u0131c\u0131n\u0131z\u0131 kapat\u0131ncaya kadar ge\u00e7erlidirler. Kal\u0131c\u0131 \u00e7erezler ise internet sitemizi ziyaret etti\u011finizde olu\u015fturulur ve siz silinceye veya s\u00fcreleri doluncaya kadar kal\u0131rlar. Ayarlar\u0131n\u0131z ile uyumlu ki\u015fiselle\u015ftirilmi\u015f bir deneyim sunma gibi i\u015flemler yapmak i\u00e7in kal\u0131c\u0131 \u00e7erezler kullan\u0131l\u0131rlar.<\/p>\n<p style=\"text-align: justify;\">Web sitemiz ge\u00e7ici ve kal\u0131c\u0131 tip \u00e7erezleri, sizi web sitemizin di\u011fer kullan\u0131c\u0131lar\u0131ndan ay\u0131rt etmek ilgi alanlar\u0131n\u0131za ve tercihlerinize g\u00f6re d\u00fczenleme yapmak i\u00e7in kullan\u0131lmaktad\u0131r. \u015eirketimiz taraf\u0131ndan tasarlanm\u0131\u015f \u00e7erezlerin yan\u0131 s\u0131ra \u00fc\u00e7\u00fcnc\u00fc taraflardan al\u0131nan hizmetler kapsam\u0131nda da \u00e7erez kullan\u0131labilmektedir.<\/p>\n<p style=\"text-align: justify;\">Hemen hemen t\u00fcm internet taray\u0131c\u0131lar\u0131, \u00e7erezleri otomatik olarak kabul edecek \u015fekilde \u00f6n tan\u0131ml\u0131d\u0131r. Ancak \u00e7erezleri diledi\u011finiz gibi kontrol edebilir veya silebilirsiniz. \u00c7erezleri y\u00f6netmek taray\u0131c\u0131dan taray\u0131c\u0131ya farkl\u0131l\u0131k g\u00f6sterdi\u011finden ayr\u0131nt\u0131l\u0131 bilgi almak i\u00e7in taray\u0131c\u0131n\u0131n yard\u0131m men\u00fcs\u00fcne bak\u0131labilirsiniz.<\/p>\n<p style=\"text-align: justify;\"><strong>\u00c7erez Nedir?<\/strong><\/p>\n<p style=\"text-align: justify;\">\u00c7erez, bir siteyi ziyaret etti\u011finizde sitenin bilgisayar\u0131n\u0131za veya mobil cihaz\u0131n\u0131za kaydetti\u011fi k\u00fc\u00e7\u00fck boyutlu bir metin dosyas\u0131d\u0131r. \u00c7erezler bir web sitesinin \u00e7al\u0131\u015fmas\u0131 veya daha verimli \u00e7al\u0131\u015fmas\u0131 veya web sitesinin sahiplerine bilgi sa\u011flamak i\u00e7in yayg\u0131n olarak kullan\u0131lmaktad\u0131r.<\/p>\n<p style=\"text-align: justify;\"><strong>Biz Hangi \u00c7erezleri Nas\u0131l Kullan\u0131yoruz?<\/strong><\/p>\n<p style=\"text-align: justify;\">Bilgisayar\u0131n\u0131za veya mobil cihaz\u0131n\u0131za y\u00fcklenen \u00e7erezler veya elde edilen bilgiler istatiksel analizler veya g\u00fcvenlik \u00f6nlemleri i\u00e7in kullan\u0131lmaktad\u0131r. Herhangi bir ki\u015fisel veriniz \u00e7erezler arac\u0131l\u0131\u011f\u0131 ile toplanmamaktad\u0131r.<\/p>\n<p style=\"text-align: justify;\"><strong>\u00c7erez T\u00fcrleri Nelerdir?<\/strong><\/p>\n<table width=\"1080\">\n<tbody>\n<tr>\n<td width=\"160\"><strong>\u00c7erez T\u00fcr\u00fc<\/strong><\/td>\n<td width=\"463\"><strong>A\u00e7\u0131klama<\/strong><\/td>\n<\/tr>\n<tr>\n<td width=\"160\"><strong>Oturum \u00c7erezleri<\/strong><\/td>\n<td width=\"463\" style=\"text-align: justify;\">Oturum \u00e7erezleri, internet sitesini kullan\u0131m\u0131n\u0131z s\u0131ras\u0131nda ge\u00e7erli olan \u00e7erezler olup web taray\u0131c\u0131 kapat\u0131l\u0131ncaya kadar ge\u00e7erliliklerini korurlar.<\/td>\n<\/tr>\n<tr>\n<td width=\"160\"><strong>Kal\u0131c\u0131 \u00c7erezler<\/strong><\/td>\n<td width=\"463\" style=\"text-align: justify;\">Bu \u00e7erezler taray\u0131c\u0131n\u0131zda saklanan ve taraf\u0131n\u0131zdan silininceye dek veya son kullan\u0131m tarihine kadar ge\u00e7erlili\u011fini koruyan \u00e7erezlerdir.<\/td>\n<\/tr>\n<tr>\n<td width=\"160\"><strong>Zorunlu \u00c7erezler<\/strong><\/td>\n<td width=\"463\" style=\"text-align: justify;\">\u0130nternet sitesinin d\u00fczg\u00fcn bir \u015fekilde \u00e7al\u0131\u015fabilmesi, sitenin \u00f6zelliklerinden ve sunulan hizmetlerden yararlanabilmeniz i\u00e7in kullan\u0131m\u0131 mecburi olan \u00e7erezlerdir.<\/td>\n<\/tr>\n<tr>\n<td width=\"160\"><strong>\u0130\u015flevsel ve Analitik \u00c7erezler<\/strong><\/td>\n<td width=\"463\" style=\"text-align: justify;\">Tercihlerinizin hat\u0131rlanmas\u0131, internet sitesinin etkin \u015fekilde kullan\u0131lmas\u0131, sitenin isteklerinize cevap verecek \u015fekilde optimize edilmesi gibi ama\u00e7larla kullan\u0131lan ve siteyi nas\u0131l kulland\u0131\u011f\u0131n\u0131z hakk\u0131nda verileri i\u00e7eren \u00e7erezlerdir. Nitelikleri gere\u011fi bu t\u00fcrdeki \u00e7erezler ki\u015fisel verilerinizi i\u00e7erebilir. \u00d6rne\u011fin sitenin g\u00f6r\u00fcnt\u00fclenme dili tercihinizi kaydeden \u00e7erezler birer i\u015flevsel \u00e7erezdir.<\/td>\n<\/tr>\n<tr>\n<td width=\"160\"><strong>Takip \u00c7erezleri<\/strong><\/td>\n<td width=\"463\" style=\"text-align: justify;\">Takip \u00e7erezleri web sitemizi ve \u00fc\u00e7\u00fcnc\u00fc taraflara ait alan adlar\u0131n\u0131 ziyaretiniz s\u0131ras\u0131nda olu\u015fturulan birincil ve \u00fc\u00e7\u00fcnc\u00fc taraf \u00e7erezlerdir. Bu \u00e7erezler olu\u015fturulduklar\u0131 alan adlar\u0131ndaki t\u0131klama ve ziyaret ge\u00e7mi\u015finizin takibini ve farkl\u0131 alan adlar\u0131 aras\u0131nda bu kay\u0131tlar\u0131n e\u015flenmesini m\u00fcmk\u00fcn k\u0131lmaktad\u0131r. Bu t\u00fcr \u00e7erezler kullan\u0131c\u0131lar\u0131n tan\u0131nmas\u0131 ve profillenmesi, reklam ve pazarlama faaliyetlerinin hedeflenmesi ve i\u00e7eri\u011fin \u00f6zelle\u015ftirilmesi amac\u0131 ile kullan\u0131lmaktad\u0131r. Bu \u00e7erezler sizin kimli\u011finizi belirlemek veya \u015fahs\u0131n\u0131z \u00f6zelinde karar almak i\u00e7in kullan\u0131lmayacakt\u0131r.<\/td>\n<\/tr>\n<\/tbody>\n<\/table>\n<p style=\"text-align: justify;\"><strong>\u00c7erezleri Nas\u0131l Kontrol Edebilirsiniz?<\/strong><\/p>\n<p style=\"text-align: justify;\">\u00c7erezleri diledi\u011finiz gibi kontrol edebilir veya silebilirsiniz. Bilgisayar\u0131n\u0131zda veya mobil cihaz\u0131n\u0131zda hali haz\u0131rda bulunan \u00e7erezleri silebilir ve \u00e7o\u011fu Internet gezgininde \u00e7erez kaydedilmesini\/yerle\u015ftirilmesini engelleyebilirsiniz.<\/p>\n<p style=\"text-align: justify;\"><strong>Internet Gezginindeki \u00c7erezleri Nas\u0131l Y\u00f6netebilirsiniz?<\/strong><\/p>\n<p style=\"text-align: justify;\">\u00c7o\u011fu Internet gezgini a\u015fa\u011f\u0131dakileri yapman\u0131za olanak tan\u0131r:<\/p>\n<ul style=\"text-align: justify;\">\n<li>Kaydedilmi\u015f \u00e7erezleri g\u00f6r\u00fcnt\u00fcleme ve dilediklerinizi silme<\/li>\n<li>\u00dc\u00e7\u00fcnc\u00fc taraf \u00e7erezleri engelleme<\/li>\n<li>Belli sitelerden \u00e7erezleri engelleme<\/li>\n<li>T\u00fcm \u00e7erezleri engelleme<\/li>\n<li>Internet gezginini kapatt\u0131\u011f\u0131n\u0131zda t\u00fcm \u00e7erezleri silme<\/li>\n<\/ul>\n<p style=\"text-align: justify;\">\u00c7erezleri silmeyi tercih ederseniz ilgili web sitesindeki tercihleriniz silinecektir. Ayr\u0131ca, \u00e7erezleri tamamen engellemeyi tercih ederseniz \u015eirketimiz web siteleri dahil olmak \u00fczere bir\u00e7ok web sitesi d\u00fczg\u00fcn \u00e7al\u0131\u015fmayabilir. Sayg\u0131lar\u0131m\u0131zla.<\/p>\n<h2 style=\"text-align: center;\"><strong><em>Avukat Sefa F\u0130DAN<\/em><\/strong><\/h2>\n<p>[\/et_pb_text][\/et_pb_column][\/et_pb_row][\/et_pb_section]<\/p>\n","protected":false},"excerpt":{"rendered":"<p>Dikkat! Bu site T\u00fcrkiye Barolar Birli\u011fi\u2019nin Meslek Kurallar\u0131na ve Reklam Yasa\u011f\u0131 Kurallar\u0131na tabidir. Sitenin kendisi, logosu ve i\u00e7eri\u011fi, reklam i\u015f geli\u015ftirme ve benzeri ama\u00e7lar ile kullan\u0131lamaz. Bu web sitesine link yaratmak yasakt\u0131r. Web sitemizde yer alan bilgiler hukuki m\u00fctalaa veya tavsiye de\u011fildir. B\u00fcromuz bu sitede yer alan bilgilere, metinlere ve yay\u0131nlara dayan\u0131lmas\u0131ndan dolay\u0131 sorumluluk kabul [&hellip;]<\/p>\n","protected":false},"author":1,"featured_media":0,"parent":0,"menu_order":0,"comment_status":"closed","ping_status":"closed","template":"","meta":{"_et_pb_use_builder":"on","_et_pb_old_content":"<!-- wp:divi\/placeholder \/-->","_et_gb_content_width":"","footnotes":""},"class_list":["post-46","page","type-page","status-publish","hentry"],"jetpack_sharing_enabled":true,"_links":{"self":[{"href":"https:\/\/www.fidan.av.tr\/en\/wp-json\/wp\/v2\/pages\/46","targetHints":{"allow":["GET"]}}],"collection":[{"href":"https:\/\/www.fidan.av.tr\/en\/wp-json\/wp\/v2\/pages"}],"about":[{"href":"https:\/\/www.fidan.av.tr\/en\/wp-json\/wp\/v2\/types\/page"}],"author":[{"embeddable":true,"href":"https:\/\/www.fidan.av.tr\/en\/wp-json\/wp\/v2\/users\/1"}],"replies":[{"embeddable":true,"href":"https:\/\/www.fidan.av.tr\/en\/wp-json\/wp\/v2\/comments?post=46"}],"version-history":[{"count":6,"href":"https:\/\/www.fidan.av.tr\/en\/wp-json\/wp\/v2\/pages\/46\/revisions"}],"predecessor-version":[{"id":213,"href":"https:\/\/www.fidan.av.tr\/en\/wp-json\/wp\/v2\/pages\/46\/revisions\/213"}],"wp:attachment":[{"href":"https:\/\/www.fidan.av.tr\/en\/wp-json\/wp\/v2\/media?parent=46"}],"curies":[{"name":"wp","href":"https:\/\/api.w.org\/{rel}","templated":true}]}}