{"id":97,"date":"2021-08-04T13:39:45","date_gmt":"2021-08-04T13:39:45","guid":{"rendered":"https:\/\/www.fidan.av.tr\/?page_id=97"},"modified":"2022-09-26T12:52:01","modified_gmt":"2022-09-26T12:52:01","slug":"faaliyetlerimiz","status":"publish","type":"page","link":"https:\/\/www.fidan.av.tr\/en\/faaliyetlerimiz\/","title":{"rendered":"Services"},"content":{"rendered":"<p>[et_pb_section fb_built=&#8221;1&#8243; fullwidth=&#8221;on&#8221; next_background_color=&#8221;#f5f5f5&#8243; _builder_version=&#8221;4.18.0&#8243; _module_preset=&#8221;default&#8221; bottom_divider_style=&#8221;ramp2&#8243; bottom_divider_height=&#8221;50px&#8221; bottom_divider_flip=&#8221;horizontal&#8221; global_colors_info=&#8221;{}&#8221;][et_pb_fullwidth_header title=&#8221;FAAL\u0130YETLER\u0130M\u0130Z&#8221; text_orientation=&#8221;center&#8221; _builder_version=&#8221;4.18.0&#8243; _module_preset=&#8221;default&#8221; title_font=&#8221;|800|||||||&#8221; title_font_size=&#8221;50px&#8221; title_letter_spacing=&#8221;4px&#8221; background_color=&#8221;RGBA(255,255,255,0)&#8221; use_background_color_gradient=&#8221;on&#8221; background_color_gradient_stops=&#8221;rgba(177,151,107,0.75) 0%|rgba(144,151,170,0.6) 100%&#8221; background_color_gradient_overlays_image=&#8221;on&#8221; background_image=&#8221;https:\/\/www.fidan.av.tr\/wp-content\/uploads\/2022\/09\/0bannerwork.jpg&#8221; hover_enabled=&#8221;0&#8243; title_text_shadow_style=&#8221;preset2&#8243; global_colors_info=&#8221;{}&#8221; title_text=&#8221;Group of people working out business plan in an office&#8221; sticky_enabled=&#8221;0&#8243; background_last_edited=&#8221;on|phone&#8221; background_position_phone=&#8221;top_left&#8221;][\/et_pb_fullwidth_header][\/et_pb_section][et_pb_section fb_built=&#8221;1&#8243; _builder_version=&#8221;4.18.0&#8243; _module_preset=&#8221;default&#8221; background_color=&#8221;#f5f5f5&#8243; global_colors_info=&#8221;{}&#8221;][et_pb_row _builder_version=&#8221;4.18.0&#8243; _module_preset=&#8221;default&#8221; custom_padding=&#8221;0px||0px||false|false&#8221; global_colors_info=&#8221;{}&#8221;][et_pb_column type=&#8221;4_4&#8243; _builder_version=&#8221;4.18.0&#8243; _module_preset=&#8221;default&#8221; global_colors_info=&#8221;{}&#8221;][et_pb_text _builder_version=&#8221;4.18.0&#8243; _module_preset=&#8221;default&#8221; text_font_size=&#8221;18px&#8221; header_3_font=&#8221;|700|||||||&#8221; text_orientation=&#8221;center&#8221; global_colors_info=&#8221;{}&#8221;]<\/p>\n<h3><span>\u00c7al\u0131\u015fma alanlar\u0131m\u0131za ili\u015fkin ba\u015fl\u0131ca hizmetlerimiz;<\/span><\/h3>\n<p><span>Ayr\u0131nt\u0131lar i\u00e7in konu ba\u015fl\u0131klar\u0131na t\u0131klayabilir<\/span><span>siniz.\u00a0<\/span><\/p>\n<p>&nbsp;<\/p>\n<p>[\/et_pb_text][\/et_pb_column][\/et_pb_row][et_pb_row column_structure=&#8221;1_2,1_2&#8243; _builder_version=&#8221;4.18.0&#8243; _module_preset=&#8221;default&#8221; custom_padding=&#8221;0px||0px||false|false&#8221; global_colors_info=&#8221;{}&#8221;][et_pb_column type=&#8221;1_2&#8243; _builder_version=&#8221;4.18.0&#8243; _module_preset=&#8221;default&#8221; global_colors_info=&#8221;{}&#8221;][et_pb_toggle title=&#8221;Sigorta Hukuku&#8221; open_toggle_text_color=&#8221;#B1976B&#8221; open_toggle_background_color=&#8221;#FFFFFF&#8221; closed_toggle_background_color=&#8221;#FFFFFF&#8221; icon_color=&#8221;#B1976B&#8221; toggle_icon=&#8221;&#x37;||divi||400&#8243; open_icon_color=&#8221;#B1976B&#8221; open_toggle_icon=&#8221;&#x36;||divi||400&#8243; _builder_version=&#8221;4.18.0&#8243; _module_preset=&#8221;default&#8221; title_font=&#8221;|700|||||||&#8221; title_text_align=&#8221;center&#8221; closed_title_text_align=&#8221;left&#8221; body_font=&#8221;||||||||&#8221; body_font_size=&#8221;15px&#8221; border_radii=&#8221;on|10px|10px|10px|10px&#8221; box_shadow_style=&#8221;preset3&#8243; box_shadow_vertical=&#8221;8px&#8221; box_shadow_blur=&#8221;12px&#8221; global_colors_info=&#8221;{}&#8221;]<\/p>\n<p style=\"text-align: justify;\">Sigortac\u0131l\u0131k hizmetleri kapsam\u0131nda, cismani zararlardan kaynaklanan davalar, r\u00fccu davalar\u0131, teminat kapsam\u0131 d\u0131\u015f\u0131nda kalan tazminat talepleri ve trafik sigortas\u0131, mesleki sorumluluk sigortas\u0131, ferdi kaza sigortalar\u0131, in\u015faat b\u00fct\u00fcn riskler sigortalar\u0131 ve di\u011fer poli\u00e7e t\u00fcrlerinden kaynaklanan her t\u00fcrl\u00fc sigortac\u0131l\u0131k s\u00fcre\u00e7lerinin dan\u0131\u015fmanl\u0131\u011f\u0131 ve uyu\u015fmazl\u0131klar\u0131n dava i\u00e7i ve dava d\u0131\u015f\u0131 takip ve \u00e7\u00f6z\u00fcm\u00fc i\u00e7in verilen hukuki dan\u0131\u015fmanl\u0131klar.<\/p>\n<p>[\/et_pb_toggle][et_pb_toggle title=&#8221;Ticaret Hukuku ve \u015eirket Dan\u0131\u015fmanl\u0131\u011f\u0131&#8221; open_toggle_text_color=&#8221;#B1976B&#8221; open_toggle_background_color=&#8221;#FFFFFF&#8221; closed_toggle_background_color=&#8221;#FFFFFF&#8221; icon_color=&#8221;#B1976B&#8221; toggle_icon=&#8221;&#x37;||divi||400&#8243; open_icon_color=&#8221;#B1976B&#8221; open_toggle_icon=&#8221;&#x36;||divi||400&#8243; _builder_version=&#8221;4.18.0&#8243; _module_preset=&#8221;default&#8221; title_font=&#8221;|700|||||||&#8221; title_text_align=&#8221;center&#8221; closed_title_text_align=&#8221;left&#8221; body_font=&#8221;||||||||&#8221; body_font_size=&#8221;15px&#8221; border_radii=&#8221;on|10px|10px|10px|10px&#8221; box_shadow_style=&#8221;preset3&#8243; box_shadow_vertical=&#8221;8px&#8221; box_shadow_blur=&#8221;12px&#8221; global_colors_info=&#8221;{}&#8221;]<\/p>\n<p style=\"text-align: justify;\">\u015eirketlerin kurulmas\u0131ndan ba\u015flayarak; sermaye finansman\u0131, lisans anla\u015fmalar\u0131 ve ticari akitler, kamu ve \u00f6zel hisse arz\u0131, s\u00f6zle\u015fmeler, i\u015f\u00e7ilik uyu\u015fmazl\u0131klar\u0131, alacak tahsili, ihaleler, birle\u015fme, b\u00f6l\u00fcnme, devralma, t\u00fcr de\u011fi\u015ftirme, g\u00fcnl\u00fck i\u015flerinde temsil gibi ticari hayatta s\u0131kl\u0131kla kar\u015f\u0131la\u015f\u0131lan her t\u00fcrl\u00fc hukuki ve ticari durum i\u00e7in dava, icra takibi, s\u00f6zl\u00fc ve yaz\u0131l\u0131 dan\u0131\u015fmanl\u0131k \u015feklinde verilen hukuki hizmetler.<\/p>\n<p>[\/et_pb_toggle][et_pb_toggle title=&#8221;\u0130cra ve \u0130flas Hukuku&#8221; open_toggle_text_color=&#8221;#B1976B&#8221; open_toggle_background_color=&#8221;#FFFFFF&#8221; closed_toggle_background_color=&#8221;#FFFFFF&#8221; icon_color=&#8221;#B1976B&#8221; toggle_icon=&#8221;&#x37;||divi||400&#8243; open_icon_color=&#8221;#B1976B&#8221; open_toggle_icon=&#8221;&#x36;||divi||400&#8243; _builder_version=&#8221;4.18.0&#8243; _module_preset=&#8221;default&#8221; title_font=&#8221;|700|||||||&#8221; title_text_align=&#8221;center&#8221; closed_title_text_align=&#8221;left&#8221; body_font=&#8221;||||||||&#8221; body_font_size=&#8221;15px&#8221; border_radii=&#8221;on|10px|10px|10px|10px&#8221; box_shadow_style=&#8221;preset3&#8243; box_shadow_vertical=&#8221;8px&#8221; box_shadow_blur=&#8221;12px&#8221; global_colors_info=&#8221;{}&#8221;]<\/p>\n<p style=\"text-align: justify;\">Her t\u00fcrl\u00fc kurum ve kurulu\u015f ile \u00f6zel ve t\u00fczel ki\u015filerin \u00fc\u00e7\u00fcnc\u00fc ki\u015filer nezdindeki do\u011fmu\u015f ve do\u011fabilecek hak ve alacaklar\u0131n tahsili, kiraya verilen ta\u015f\u0131nmazlar\u0131n tahliyesi, bor\u00e7lar\u0131n yap\u0131land\u0131r\u0131lmas\u0131 ve risklerin azalt\u0131lmas\u0131 amac\u0131yla alacaklar\u0131n teminata ba\u011flanmas\u0131 ile yine icra ve iflas hukuku kapsam\u0131nda kalan kar\u015f\u0131l\u0131ks\u0131z \u00e7ekten, taahh\u00fcd\u00fcn ihlal edilmesinden, nafakan\u0131n \u00f6denmemesinden, ticaretin usuls\u00fcz olarak terk edilmesinden kaynaklanabilecek ceza davalar\u0131n\u0131n takibi ve infaz s\u00fcre\u00e7leri hakk\u0131nda verilecek hukuki hizmetler.<\/p>\n<p>[\/et_pb_toggle][et_pb_toggle title=&#8221;Konkordato ve \u0130flas S\u00fcre\u00e7leri&#8221; open_toggle_text_color=&#8221;#B1976B&#8221; open_toggle_background_color=&#8221;#FFFFFF&#8221; closed_toggle_background_color=&#8221;#FFFFFF&#8221; icon_color=&#8221;#B1976B&#8221; toggle_icon=&#8221;&#x37;||divi||400&#8243; open_icon_color=&#8221;#B1976B&#8221; open_toggle_icon=&#8221;&#x36;||divi||400&#8243; _builder_version=&#8221;4.18.0&#8243; _module_preset=&#8221;default&#8221; title_font=&#8221;|700|||||||&#8221; title_text_align=&#8221;center&#8221; closed_title_text_align=&#8221;left&#8221; body_font=&#8221;||||||||&#8221; body_font_size=&#8221;15px&#8221; border_radii=&#8221;on|10px|10px|10px|10px&#8221; box_shadow_style=&#8221;preset3&#8243; box_shadow_vertical=&#8221;8px&#8221; box_shadow_blur=&#8221;12px&#8221; global_colors_info=&#8221;{}&#8221;]<\/p>\n<p style=\"text-align: justify;\">\u0130cra ve iflas hukukunun i\u00e7erisinde kalmakla birlikte ba\u015fl\u0131 ba\u015f\u0131na bir uzmanl\u0131k gerektiren bu hizmetimiz kapsam\u0131nda bu alanda dan\u0131\u015fmanl\u0131k ald\u0131\u011f\u0131m\u0131z yeminli mali m\u00fc\u015favirlik ofisleriyle ve di\u011fer uzmanlar\u0131m\u0131zla birlikte, tacirlerin iflas\u0131 ve malvarl\u0131klar\u0131n\u0131n tasfiyesi ile tacir olan veya olmayan ki\u015filerin konkordato ba\u015fvurular\u0131 ve bu kapsamda iyile\u015ftirme projelerinin haz\u0131rlanmas\u0131, muhasebe defterlerinin incelenmesi ve kay\u0131tlar\u0131n d\u00fczeltilmesi, devam\u0131nda mahkemelerden al\u0131nacak tedbir kararlar\u0131 i\u00e7in gereken t\u00fcm hizmetler ile dava s\u00fcre\u00e7lerinin takibi amac\u0131yla verilen hizmetler.<\/p>\n<p>[\/et_pb_toggle][et_pb_toggle title=&#8221;\u0130\u015f ve Sosyal G\u00fcvenlik Hukuku&#8221; open_toggle_text_color=&#8221;#B1976B&#8221; open_toggle_background_color=&#8221;#FFFFFF&#8221; closed_toggle_background_color=&#8221;#FFFFFF&#8221; icon_color=&#8221;#B1976B&#8221; toggle_icon=&#8221;&#x37;||divi||400&#8243; open_icon_color=&#8221;#B1976B&#8221; open_toggle_icon=&#8221;&#x36;||divi||400&#8243; _builder_version=&#8221;4.18.0&#8243; _module_preset=&#8221;default&#8221; title_font=&#8221;|700|||||||&#8221; title_text_align=&#8221;center&#8221; closed_title_text_align=&#8221;left&#8221; body_font=&#8221;||||||||&#8221; body_font_size=&#8221;15px&#8221; border_radii=&#8221;on|10px|10px|10px|10px&#8221; box_shadow_style=&#8221;preset3&#8243; box_shadow_vertical=&#8221;8px&#8221; box_shadow_blur=&#8221;12px&#8221; global_colors_info=&#8221;{}&#8221;]<\/p>\n<p style=\"text-align: justify;\">\u0130\u015f ve sosyal g\u00fcvenlik hukukundan kaynaklanan hizmet tespiti, i\u015f\u00e7ilik alacaklar\u0131, i\u015f kazalar\u0131ndan kaynaklanan tazminat davalar\u0131 ile i\u015f\u00e7ilerin \u00e7al\u0131\u015ft\u0131r\u0131lmas\u0131 esnas\u0131nda uyulmas\u0131 gereken hukuki prosed\u00fcrlerin takibi ve bu alanda verilecek dan\u0131\u015fmanl\u0131k hizmetler.<\/p>\n<p>[\/et_pb_toggle][et_pb_toggle title=&#8221;Bankac\u0131l\u0131k Hukuku&#8221; open_toggle_text_color=&#8221;#B1976B&#8221; open_toggle_background_color=&#8221;#FFFFFF&#8221; closed_toggle_background_color=&#8221;#FFFFFF&#8221; icon_color=&#8221;#B1976B&#8221; toggle_icon=&#8221;&#x37;||divi||400&#8243; open_icon_color=&#8221;#B1976B&#8221; open_toggle_icon=&#8221;&#x36;||divi||400&#8243; _builder_version=&#8221;4.18.0&#8243; _module_preset=&#8221;default&#8221; title_font=&#8221;|700|||||||&#8221; title_text_align=&#8221;center&#8221; closed_title_text_align=&#8221;left&#8221; body_font=&#8221;||||||||&#8221; body_font_size=&#8221;15px&#8221; border_radii=&#8221;on|10px|10px|10px|10px&#8221; box_shadow_style=&#8221;preset3&#8243; box_shadow_vertical=&#8221;8px&#8221; box_shadow_blur=&#8221;12px&#8221; global_colors_info=&#8221;{}&#8221;]<\/p>\n<p style=\"text-align: justify;\">Bankalar\u0131n m\u00fc\u015fterileriyle olan kredi, rehin, kefalet, ipotek ve sigorta s\u00f6zle\u015fmelerinin haz\u0131rlanmas\u0131, d\u00fczeltilmesi ile m\u00fc\u015fteriler nezdindeki alacaklar\u0131 tahsili amac\u0131yla verilen hukuki hizmetler.<\/p>\n<p>[\/et_pb_toggle][\/et_pb_column][et_pb_column type=&#8221;1_2&#8243; _builder_version=&#8221;4.18.0&#8243; _module_preset=&#8221;default&#8221; global_colors_info=&#8221;{}&#8221;][et_pb_toggle title=&#8221;Gayrimenkul Hukuku&#8221; open_toggle_text_color=&#8221;#B1976B&#8221; open_toggle_background_color=&#8221;#FFFFFF&#8221; closed_toggle_background_color=&#8221;#FFFFFF&#8221; icon_color=&#8221;#B1976B&#8221; toggle_icon=&#8221;&#x37;||divi||400&#8243; open_icon_color=&#8221;#B1976B&#8221; open_toggle_icon=&#8221;&#x36;||divi||400&#8243; _builder_version=&#8221;4.18.0&#8243; _module_preset=&#8221;default&#8221; title_font=&#8221;|700|||||||&#8221; title_text_align=&#8221;center&#8221; closed_title_text_align=&#8221;left&#8221; body_font=&#8221;||||||||&#8221; body_font_size=&#8221;15px&#8221; border_radii=&#8221;on|10px|10px|10px|10px&#8221; box_shadow_style=&#8221;preset3&#8243; box_shadow_vertical=&#8221;8px&#8221; box_shadow_blur=&#8221;12px&#8221; global_colors_info=&#8221;{}&#8221;]<\/p>\n<p style=\"text-align: justify;\">Gayrimenkullere ili\u015fkin ipotek, kat kar\u015f\u0131l\u0131\u011f\u0131 in\u015faat s\u00f6zle\u015fmeleri, miras uyu\u015fmazl\u0131klar\u0131, ortakl\u0131\u011f\u0131n giderilmesi, kentsel d\u00f6n\u00fc\u015f\u00fcm s\u00fcreci, imar plan\u0131 ve kadastro s\u00fcre\u00e7leri, kamula\u015ft\u0131rma ve kamula\u015ft\u0131rmas\u0131z el atma davalar\u0131, tecav\u00fcz\u00fcn men\u2019i s\u00fcre\u00e7leri ve bu s\u00fcre\u00e7lere ili\u015fkin y\u00fcr\u00fct\u00fclecek davalar\u0131n takibi sonu\u00e7land\u0131rmas\u0131na ili\u015fkin verilecek hizmetler.<\/p>\n<p>[\/et_pb_toggle][et_pb_toggle title=&#8221;\u0130dare ve Vergi Hukuku&#8221; open_toggle_text_color=&#8221;#B1976B&#8221; open_toggle_background_color=&#8221;#FFFFFF&#8221; closed_toggle_background_color=&#8221;#FFFFFF&#8221; icon_color=&#8221;#B1976B&#8221; toggle_icon=&#8221;&#x37;||divi||400&#8243; open_icon_color=&#8221;#B1976B&#8221; open_toggle_icon=&#8221;&#x36;||divi||400&#8243; _builder_version=&#8221;4.18.0&#8243; _module_preset=&#8221;default&#8221; title_font=&#8221;|700|||||||&#8221; title_text_align=&#8221;center&#8221; closed_title_text_align=&#8221;left&#8221; body_font=&#8221;||||||||&#8221; body_font_size=&#8221;15px&#8221; border_radii=&#8221;on|10px|10px|10px|10px&#8221; box_shadow_style=&#8221;preset3&#8243; box_shadow_vertical=&#8221;8px&#8221; box_shadow_blur=&#8221;12px&#8221; global_colors_info=&#8221;{}&#8221;]<\/p>\n<p style=\"text-align: justify;\">\u0130dare hukukundan kaynaklanan atama, tayin, emeklilik, disiplin cezalar\u0131 ve idarenin \u015fah\u0131sla olan ili\u015fkilerinde do\u011fabilecek her t\u00fcrl\u00fc tek tarafl\u0131 i\u015fleminin iptali ve y\u00fcr\u00fctmesinin durdurulmas\u0131, kamu ihale kanunundan kaynakl\u0131 idari s\u00fcre\u00e7 ve davalar\u0131n takibiyle, vergi hukukundan kaynaklanan vergi cezalar\u0131n\u0131n iptali ve y\u00fcr\u00fctmesinin durdurulmas\u0131, \u00f6zel esaslara al\u0131nma i\u015fleminin iptali ve y\u00fcr\u00fctmesinin durdurulmas\u0131, vergi ka\u00e7\u0131rma su\u00e7una ili\u015fkin a\u00e7\u0131lacak ceza davalar\u0131n\u0131n takibi, tarh ve tahsil s\u00fcre\u00e7lerindeki uyu\u015fmazl\u0131klar\u0131n \u00e7\u00f6z\u00fcm\u00fc i\u00e7in verilecek hukuki hizmetler.<\/p>\n<p>[\/et_pb_toggle][et_pb_toggle title=&#8221;Fikri ve S\u0131nai M\u00fclkiyet Hukuku&#8221; open_toggle_text_color=&#8221;#B1976B&#8221; open_toggle_background_color=&#8221;#FFFFFF&#8221; closed_toggle_background_color=&#8221;#FFFFFF&#8221; icon_color=&#8221;#B1976B&#8221; toggle_icon=&#8221;&#x37;||divi||400&#8243; open_icon_color=&#8221;#B1976B&#8221; open_toggle_icon=&#8221;&#x36;||divi||400&#8243; _builder_version=&#8221;4.18.0&#8243; _module_preset=&#8221;default&#8221; title_font=&#8221;|700|||||||&#8221; title_text_align=&#8221;center&#8221; closed_title_text_align=&#8221;left&#8221; body_font=&#8221;||||||||&#8221; body_font_size=&#8221;15px&#8221; border_radii=&#8221;on|10px|10px|10px|10px&#8221; box_shadow_style=&#8221;preset3&#8243; box_shadow_vertical=&#8221;8px&#8221; box_shadow_blur=&#8221;12px&#8221; global_colors_info=&#8221;{}&#8221;]<\/p>\n<p style=\"text-align: justify;\">Marka ve patent ba\u015fvuru s\u00fcre\u00e7lerinin y\u00fcr\u00fct\u00fclmesi, \u00fc\u00e7\u00fcnc\u00fc ki\u015filerin, marka ve patent haklar\u0131na dair haks\u0131z kullan\u0131mlar\u0131n\u0131n engellenmesi i\u00e7in y\u00fcr\u00fct\u00fclecek men, tazminat ve ceza davalar\u0131n\u0131n a\u00e7\u0131lmas\u0131 ve takibi, haks\u0131z kullan\u0131m ya da benzerlik veya ayn\u0131l\u0131k iddias\u0131yla m\u00fcvekkillerimize a\u00e7\u0131labilecek her t\u00fcrl\u00fc men, tazminat ve ceza davalar\u0131n\u0131n takibi bu alanlarda verilecek hukuki dan\u0131\u015fmanl\u0131k hizmetleri.<\/p>\n<p>[\/et_pb_toggle][et_pb_toggle title=&#8221;Yabanc\u0131lar ve Vatanda\u015fl\u0131k Hukuku&#8221; open_toggle_text_color=&#8221;#B1976B&#8221; open_toggle_background_color=&#8221;#FFFFFF&#8221; closed_toggle_background_color=&#8221;#FFFFFF&#8221; icon_color=&#8221;#B1976B&#8221; toggle_icon=&#8221;&#x37;||divi||400&#8243; open_icon_color=&#8221;#B1976B&#8221; open_toggle_icon=&#8221;&#x36;||divi||400&#8243; _builder_version=&#8221;4.18.0&#8243; _module_preset=&#8221;default&#8221; title_font=&#8221;|700|||||||&#8221; title_text_align=&#8221;center&#8221; closed_title_text_align=&#8221;left&#8221; body_font=&#8221;||||||||&#8221; body_font_size=&#8221;15px&#8221; border_radii=&#8221;on|10px|10px|10px|10px&#8221; box_shadow_style=&#8221;preset3&#8243; box_shadow_vertical=&#8221;8px&#8221; box_shadow_blur=&#8221;12px&#8221; global_colors_info=&#8221;{}&#8221;]<\/p>\n<p style=\"text-align: justify;\">\u00dclkemizde bulunan yabanc\u0131lar i\u00e7in al\u0131nacak \u00e7al\u0131\u015fma, oturma, e\u011fitim izin s\u00fcre\u00e7lerinin takibi, ticari i\u015fletme a\u00e7\u0131lmas\u0131 ve ticari ortakl\u0131klar\u0131n kurulmas\u0131 s\u00fcre\u00e7leri ile yabanc\u0131lar\u0131n \u00fclkemizde m\u00fclk edinme ve vatanda\u015fl\u0131k kazanma s\u00fcre\u00e7lerine ili\u015fkin her t\u00fcrl\u00fc dava ve hukuki dan\u0131\u015fmanl\u0131k hizmetleri.<\/p>\n<p>[\/et_pb_toggle][et_pb_toggle title=&#8221;Ceza Hukuku&#8221; open_toggle_text_color=&#8221;#B1976B&#8221; open_toggle_background_color=&#8221;#FFFFFF&#8221; closed_toggle_background_color=&#8221;#FFFFFF&#8221; icon_color=&#8221;#B1976B&#8221; toggle_icon=&#8221;&#x37;||divi||400&#8243; open_icon_color=&#8221;#B1976B&#8221; open_toggle_icon=&#8221;&#x36;||divi||400&#8243; _builder_version=&#8221;4.18.0&#8243; _module_preset=&#8221;default&#8221; title_font=&#8221;|700|||||||&#8221; title_text_align=&#8221;center&#8221; closed_title_text_align=&#8221;left&#8221; body_font=&#8221;||||||||&#8221; body_font_size=&#8221;15px&#8221; border_radii=&#8221;on|10px|10px|10px|10px&#8221; box_shadow_style=&#8221;preset3&#8243; box_shadow_vertical=&#8221;8px&#8221; box_shadow_blur=&#8221;12px&#8221; global_colors_info=&#8221;{}&#8221;]<\/p>\n<p style=\"text-align: justify;\">T\u00fcrk Ceza Kanunu ve di\u011fer kanunlarda d\u00fczenlenen t\u00fcm yapt\u0131r\u0131mlara ili\u015fkin cezai s\u00fcre\u00e7lerin ma\u011fdur veya \u015f\u00fcpheli ki\u015fileri temsilen takibi ve bu ama\u00e7la verilecek hukuki hizmetler.<\/p>\n<p>[\/et_pb_toggle][et_pb_toggle title=&#8221;Aile Hukuku&#8221; open_toggle_text_color=&#8221;#B1976B&#8221; open_toggle_background_color=&#8221;#FFFFFF&#8221; closed_toggle_background_color=&#8221;#FFFFFF&#8221; icon_color=&#8221;#B1976B&#8221; toggle_icon=&#8221;&#x37;||divi||400&#8243; open_icon_color=&#8221;#B1976B&#8221; open_toggle_icon=&#8221;&#x36;||divi||400&#8243; _builder_version=&#8221;4.18.0&#8243; _module_preset=&#8221;default&#8221; title_font=&#8221;|700|||||||&#8221; title_text_align=&#8221;center&#8221; closed_title_text_align=&#8221;left&#8221; body_font=&#8221;||||||||&#8221; body_font_size=&#8221;15px&#8221; border_radii=&#8221;on|10px|10px|10px|10px&#8221; box_shadow_style=&#8221;preset3&#8243; box_shadow_vertical=&#8221;8px&#8221; box_shadow_blur=&#8221;12px&#8221; global_colors_info=&#8221;{}&#8221;]<\/p>\n<p style=\"text-align: justify;\">Aile ili\u015fkilerinden kaynaklanabilecek bo\u015fanma, velayet, vesayet mal rejimin tasfiyesi, nafaka, tazminat, ziynet e\u015fyalar\u0131n\u0131n ve di\u011fer k\u0131ymetli hediyelerin payla\u015f\u0131m\u0131, aile i\u00e7i \u015fiddetten kaynaklanan her t\u00fcrl\u00fc hukuki s\u00fcrecin takibi amac\u0131yla verilecek hukuki hizmetler.<\/p>\n<p>[\/et_pb_toggle][\/et_pb_column][\/et_pb_row][et_pb_row _builder_version=&#8221;4.18.0&#8243; _module_preset=&#8221;default&#8221; max_width=&#8221;720px&#8221; global_colors_info=&#8221;{}&#8221;][et_pb_column type=&#8221;4_4&#8243; _builder_version=&#8221;4.18.0&#8243; _module_preset=&#8221;default&#8221; global_colors_info=&#8221;{}&#8221;][et_pb_toggle title=&#8221;Sa\u011fl\u0131k Hukuku&#8221; open_toggle_text_color=&#8221;#B1976B&#8221; open_toggle_background_color=&#8221;#FFFFFF&#8221; closed_toggle_background_color=&#8221;#FFFFFF&#8221; icon_color=&#8221;#B1976B&#8221; toggle_icon=&#8221;&#x37;||divi||400&#8243; open_icon_color=&#8221;#B1976B&#8221; open_toggle_icon=&#8221;&#x36;||divi||400&#8243; _builder_version=&#8221;4.18.0&#8243; _module_preset=&#8221;default&#8221; title_font=&#8221;|700|||||||&#8221; title_text_align=&#8221;center&#8221; closed_title_text_align=&#8221;left&#8221; body_font=&#8221;||||||||&#8221; body_font_size=&#8221;15px&#8221; border_radii=&#8221;on|10px|10px|10px|10px&#8221; box_shadow_style=&#8221;preset3&#8243; box_shadow_vertical=&#8221;8px&#8221; box_shadow_blur=&#8221;12px&#8221; global_colors_info=&#8221;{}&#8221;]<\/p>\n<p style=\"text-align: justify;\">Sa\u011fl\u0131k kurumlar\u0131n\u0131n ve eczanelerin SGK ile olan ili\u015fkilerinden kaynakl\u0131 \u00f6rnekleme yoluyla yap\u0131lan kesinti, bloke vb. gibi durumlar\u0131na ili\u015fkin a\u00e7\u0131lacak davalar; hastane ruhsatlar\u0131n\u0131n devri, haczi, rehni gibi i\u015flemleri i\u00e7in verilecek hukuki dan\u0131\u015fmanl\u0131k ve dava takibi; t\u0131bbi hizmet hatalar\u0131ndan kaynaklanan tazminat (Malpraktis) davalar\u0131nda her iki taraf bak\u0131m\u0131ndan da y\u00fcr\u00fct\u00fclecek hukuki s\u00fcre\u00e7lerin takibi; sa\u011fl\u0131k sekt\u00f6r\u00fcnde \u00e7al\u0131\u015fanlar\u0131n ve stajyerlerin \u00f6zl\u00fck haklar\u0131na ili\u015fkin her t\u00fcrl\u00fc hukuki s\u00fcrecin y\u00fcr\u00fct\u00fclmesi.<\/p>\n<p>[\/et_pb_toggle][\/et_pb_column][\/et_pb_row][\/et_pb_section]<\/p>\n","protected":false},"excerpt":{"rendered":"<p>\u00c7al\u0131\u015fma alanlar\u0131m\u0131za ili\u015fkin ba\u015fl\u0131ca hizmetlerimiz; Ayr\u0131nt\u0131lar i\u00e7in konu ba\u015fl\u0131klar\u0131na t\u0131klayabilirsiniz.\u00a0 &nbsp;Sigortac\u0131l\u0131k hizmetleri kapsam\u0131nda, cismani zararlardan kaynaklanan davalar, r\u00fccu davalar\u0131, teminat kapsam\u0131 d\u0131\u015f\u0131nda kalan tazminat talepleri ve trafik sigortas\u0131, mesleki sorumluluk sigortas\u0131, ferdi kaza sigortalar\u0131, in\u015faat b\u00fct\u00fcn riskler sigortalar\u0131 ve di\u011fer poli\u00e7e t\u00fcrlerinden kaynaklanan her t\u00fcrl\u00fc sigortac\u0131l\u0131k s\u00fcre\u00e7lerinin dan\u0131\u015fmanl\u0131\u011f\u0131 ve uyu\u015fmazl\u0131klar\u0131n dava i\u00e7i ve dava d\u0131\u015f\u0131 [&hellip;]<\/p>\n","protected":false},"author":1,"featured_media":0,"parent":0,"menu_order":0,"comment_status":"closed","ping_status":"closed","template":"","meta":{"_et_pb_use_builder":"on","_et_pb_old_content":"<!-- wp:divi\/placeholder \/-->","_et_gb_content_width":"","footnotes":""},"class_list":["post-97","page","type-page","status-publish","hentry"],"jetpack_sharing_enabled":true,"_links":{"self":[{"href":"https:\/\/www.fidan.av.tr\/en\/wp-json\/wp\/v2\/pages\/97","targetHints":{"allow":["GET"]}}],"collection":[{"href":"https:\/\/www.fidan.av.tr\/en\/wp-json\/wp\/v2\/pages"}],"about":[{"href":"https:\/\/www.fidan.av.tr\/en\/wp-json\/wp\/v2\/types\/page"}],"author":[{"embeddable":true,"href":"https:\/\/www.fidan.av.tr\/en\/wp-json\/wp\/v2\/users\/1"}],"replies":[{"embeddable":true,"href":"https:\/\/www.fidan.av.tr\/en\/wp-json\/wp\/v2\/comments?post=97"}],"version-history":[{"count":7,"href":"https:\/\/www.fidan.av.tr\/en\/wp-json\/wp\/v2\/pages\/97\/revisions"}],"predecessor-version":[{"id":215,"href":"https:\/\/www.fidan.av.tr\/en\/wp-json\/wp\/v2\/pages\/97\/revisions\/215"}],"wp:attachment":[{"href":"https:\/\/www.fidan.av.tr\/en\/wp-json\/wp\/v2\/media?parent=97"}],"curies":[{"name":"wp","href":"https:\/\/api.w.org\/{rel}","templated":true}]}}